{"id":795,"date":"2025-06-17T18:19:56","date_gmt":"2025-06-17T16:19:56","guid":{"rendered":"https:\/\/patentstrategen.de\/?page_id=795"},"modified":"2026-01-07T14:21:01","modified_gmt":"2026-01-07T13:21:01","slug":"blog","status":"publish","type":"page","link":"https:\/\/patentstrategen.de\/en\/blog\/","title":{"rendered":"Blog"},"content":{"rendered":"<div data-elementor-type=\"wp-page\" data-elementor-id=\"795\" class=\"elementor elementor-795\" data-elementor-post-type=\"page\">\n\t\t\t\t\t\t<section class=\"elementor-section elementor-top-section elementor-element elementor-element-025de87 elementor-section-height-min-height elementor-section-boxed elementor-section-height-default elementor-section-items-middle\" data-id=\"025de87\" data-element_type=\"section\" data-e-type=\"section\" data-settings=\"{&quot;background_background&quot;:&quot;classic&quot;}\">\n\t\t\t\t\t\t\t<div class=\"elementor-background-overlay\"><\/div>\n\t\t\t\t\t\t\t<div class=\"elementor-container elementor-column-gap-default\">\n\t\t\t\t\t<div class=\"elementor-column elementor-col-50 elementor-top-column elementor-element elementor-element-7d3c60e\" data-id=\"7d3c60e\" data-element_type=\"column\" data-e-type=\"column\" data-settings=\"{&quot;background_background&quot;:&quot;classic&quot;}\">\n\t\t\t<div class=\"elementor-widget-wrap elementor-element-populated\">\n\t\t\t\t\t\t<div class=\"elementor-element elementor-element-d0fbb82 elementor-widget__width-auto elementor-widget elementor-widget-heading\" data-id=\"d0fbb82\" data-element_type=\"widget\" data-e-type=\"widget\" data-widget_type=\"heading.default\">\n\t\t\t\t<div class=\"elementor-widget-container\">\n\t\t\t\t\t<div class=\"elementor-heading-title elementor-size-default\"><a href=\"https:\/\/patentstrategen.de\/en\">Patent strategists \u25ac <\/a><\/div>\t\t\t\t<\/div>\n\t\t\t\t<\/div>\n\t\t\t\t<div class=\"elementor-element elementor-element-4f78f04 elementor-widget__width-auto elementor-invisible elementor-widget elementor-widget-heading\" data-id=\"4f78f04\" data-element_type=\"widget\" data-e-type=\"widget\" data-settings=\"{&quot;_animation&quot;:&quot;fadeInUp&quot;,&quot;_animation_delay&quot;:0}\" data-widget_type=\"heading.default\">\n\t\t\t\t<div class=\"elementor-widget-container\">\n\t\t\t\t\t<div class=\"elementor-heading-title elementor-size-default\">News and exciting topics<\/div>\t\t\t\t<\/div>\n\t\t\t\t<\/div>\n\t\t\t\t\t<\/div>\n\t\t<\/div>\n\t\t\t\t<div class=\"elementor-column elementor-col-50 elementor-top-column elementor-element elementor-element-b43db25 elementor-hidden-desktop elementor-hidden-tablet elementor-hidden-mobile\" data-id=\"b43db25\" data-element_type=\"column\" data-e-type=\"column\">\n\t\t\t<div class=\"elementor-widget-wrap\">\n\t\t\t\t\t\t\t<\/div>\n\t\t<\/div>\n\t\t\t\t\t<\/div>\n\t\t<\/section>\n\t\t\t\t<div class=\"elementor-section elementor-top-section elementor-element elementor-element-76198a26 elementor-section-boxed elementor-section-height-default elementor-section-height-default\" data-id=\"76198a26\" data-element_type=\"section\" data-e-type=\"section\">\n\t\t\t\t\t\t<div class=\"elementor-container elementor-column-gap-default\">\n\t\t\t\t\t<div class=\"elementor-column elementor-col-100 elementor-top-column elementor-element elementor-element-5660f545\" data-id=\"5660f545\" data-element_type=\"column\" data-e-type=\"column\">\n\t\t\t<div class=\"elementor-widget-wrap elementor-element-populated\">\n\t\t\t\t<div class=\"elementor-element elementor-element-597a88d e-flex e-con-boxed e-con e-parent\" data-id=\"597a88d\" data-element_type=\"container\" data-e-type=\"container\">\n\t\t\t\t\t<div class=\"e-con-inner\">\n\t\t\t\t<div class=\"elementor-element elementor-element-525be0e elementor-widget elementor-widget-heading\" data-id=\"525be0e\" data-element_type=\"widget\" data-e-type=\"widget\" data-widget_type=\"heading.default\">\n\t\t\t\t<div class=\"elementor-widget-container\">\n\t\t\t\t\t<h2 class=\"elementor-heading-title elementor-size-default\">News from the world of patents!<\/h2>\t\t\t\t<\/div>\n\t\t\t\t<\/div>\n\t\t\t\t<div class=\"elementor-element elementor-element-9a90774 elementor-widget elementor-widget-text-editor\" data-id=\"9a90774\" data-element_type=\"widget\" data-e-type=\"widget\" data-widget_type=\"text-editor.default\">\n\t\t\t\t<div class=\"elementor-widget-container\">\n\t\t\t\t\t\t\t\t\t<p>In our blog, we provide you with valuable tips and information on the topics of patents, property rights and the world of patent strategists.<\/p>\t\t\t\t\t\t\t\t<\/div>\n\t\t\t\t<\/div>\n\t\t\t\t<div class=\"elementor-element elementor-element-149cf16 elementor-widget elementor-widget-spacer\" data-id=\"149cf16\" data-element_type=\"widget\" data-e-type=\"widget\" data-widget_type=\"spacer.default\">\n\t\t\t\t<div class=\"elementor-widget-container\">\n\t\t\t\t\t\t\t<div class=\"elementor-spacer\">\n\t\t\t<div class=\"elementor-spacer-inner\"><\/div>\n\t\t<\/div>\n\t\t\t\t\t\t<\/div>\n\t\t\t\t<\/div>\n\t\t\t\t\t<\/div>\n\t\t\t\t<\/div>\n\t\t\t\t<div class=\"elementor-element elementor-element-111014d elementor-grid-3 elementor-grid-tablet-2 elementor-grid-mobile-1 elementor-posts--thumbnail-top elementor-widget elementor-widget-posts\" data-id=\"111014d\" data-element_type=\"widget\" data-e-type=\"widget\" data-settings=\"{&quot;pagination_type&quot;:&quot;numbers_and_prev_next&quot;,&quot;classic_columns&quot;:&quot;3&quot;,&quot;classic_columns_tablet&quot;:&quot;2&quot;,&quot;classic_columns_mobile&quot;:&quot;1&quot;,&quot;classic_row_gap&quot;:{&quot;unit&quot;:&quot;px&quot;,&quot;size&quot;:35,&quot;sizes&quot;:[]},&quot;classic_row_gap_tablet&quot;:{&quot;unit&quot;:&quot;px&quot;,&quot;size&quot;:&quot;&quot;,&quot;sizes&quot;:[]},&quot;classic_row_gap_mobile&quot;:{&quot;unit&quot;:&quot;px&quot;,&quot;size&quot;:&quot;&quot;,&quot;sizes&quot;:[]}}\" data-widget_type=\"posts.classic\">\n\t\t\t\t<div class=\"elementor-widget-container\">\n\t\t\t\t\t\t\t<div class=\"elementor-posts-container elementor-posts elementor-posts--skin-classic elementor-grid\" role=\"list\">\n\t\t\t\t<article class=\"elementor-post elementor-grid-item post-822 post type-post status-publish format-standard has-post-thumbnail hentry category-allgemein\" role=\"listitem\">\n\t\t\t\t<a class=\"elementor-post__thumbnail__link\" href=\"https:\/\/patentstrategen.de\/en\/2025\/06\/18\/warum-gute-ideen-oft-zu-spaet-geschuetzt-werden-2\/\" tabindex=\"-1\" >\n\t\t\t<div class=\"elementor-post__thumbnail\"><img fetchpriority=\"high\" decoding=\"async\" width=\"1440\" height=\"810\" src=\"https:\/\/patentstrategen.de\/wp-content\/uploads\/2025\/06\/Patentstrategen-Website-Blog-Titelbild-1.jpg\" class=\"attachment-full size-full wp-image-1124\" alt=\"Eine Gruppe Menschen sitzt an einem hellen Konferenztisch aus Holz. Im Vordergrund ist ein Mann in blauem Hemd und heller Hose zu sehen. Er tr\u00e4gt einen l\u00e4ngeren wei\u00df-grauen Bart. Die anderen Personen im Hintergrund sind unscharf zu erkennen. Der Mann hat das eine Bein \u00fcber das andere geschlagen und schaut konzentriert auf etwas Au\u00dferhalb des Bildes.\" srcset=\"https:\/\/patentstrategen.de\/wp-content\/uploads\/2025\/06\/Patentstrategen-Website-Blog-Titelbild-1.jpg 1440w, https:\/\/patentstrategen.de\/wp-content\/uploads\/2025\/06\/Patentstrategen-Website-Blog-Titelbild-1-300x169.jpg 300w, https:\/\/patentstrategen.de\/wp-content\/uploads\/2025\/06\/Patentstrategen-Website-Blog-Titelbild-1-1024x576.jpg 1024w, https:\/\/patentstrategen.de\/wp-content\/uploads\/2025\/06\/Patentstrategen-Website-Blog-Titelbild-1-768x432.jpg 768w\" sizes=\"(max-width: 1440px) 100vw, 1440px\" \/><\/div>\n\t\t<\/a>\n\t\t\t\t<div class=\"elementor-post__text\">\n\t\t\t\t<h3 class=\"elementor-post__title\">\n\t\t\t<a href=\"https:\/\/patentstrategen.de\/en\/2025\/06\/18\/warum-gute-ideen-oft-zu-spaet-geschuetzt-werden-2\/\" >\n\t\t\t\tProtecting ideas? Why it is important to think about property rights right from the start\t\t\t<\/a>\n\t\t<\/h3>\n\t\t\t\t<div class=\"elementor-post__meta-data\">\n\t\t\t\t\t<span class=\"elementor-post-date\">\n\t\t\tJune 18, 2025\t\t<\/span>\n\t\t\t\t<span class=\"elementor-post-avatar\">\n\t\t\tNo Comments\t\t<\/span>\n\t\t\t\t<\/div>\n\t\t\t\t<div class=\"elementor-post__excerpt\">\n\t\t\t<p>Proper time management is also part of protecting your own idea or product. Because as the saying goes: life punishes those who are late. We explain why good ideas are often protected too late and how you can avoid this mistake.<\/p>\n\t\t<\/div>\n\t\t\n\t\t<a class=\"elementor-post__read-more\" href=\"https:\/\/patentstrategen.de\/en\/2025\/06\/18\/warum-gute-ideen-oft-zu-spaet-geschuetzt-werden-2\/\" aria-label=\"Read more about Protecting ideas? Why it&#039;s important to think about property rights right from the start\" tabindex=\"-1\" >\n\t\t\tRead more \u00bb\t\t<\/a>\n\n\t\t\t\t<\/div>\n\t\t\t\t<\/article>\n\t\t\t\t<article class=\"elementor-post elementor-grid-item post-820 post type-post status-publish format-standard has-post-thumbnail hentry category-allgemein\" role=\"listitem\">\n\t\t\t\t<a class=\"elementor-post__thumbnail__link\" href=\"https:\/\/patentstrategen.de\/en\/2025\/06\/18\/patentschutz-was-bedeutet-er-eigentlich\/\" tabindex=\"-1\" >\n\t\t\t<div class=\"elementor-post__thumbnail\"><img decoding=\"async\" width=\"1440\" height=\"810\" src=\"https:\/\/patentstrategen.de\/wp-content\/uploads\/2025\/06\/Patentstrategen-Website-Blog-Titelbild-3.jpg\" class=\"attachment-full size-full wp-image-1126\" alt=\"Ein Mann mit dunklen Haaren und einem dunklen T-Shirt steht vor einem hellen Konferenztisch aus Holz. Zwei Frauen sitzen an dem Konferenztisch und h\u00f6ren ihm konzentriert zu. Die beiden sind unscharf im Hintergrund zu erkennen. Auf dem Tisch liegen Dokumente, Laptops und ein Glas und eine Kaffeetasse.\" srcset=\"https:\/\/patentstrategen.de\/wp-content\/uploads\/2025\/06\/Patentstrategen-Website-Blog-Titelbild-3.jpg 1440w, https:\/\/patentstrategen.de\/wp-content\/uploads\/2025\/06\/Patentstrategen-Website-Blog-Titelbild-3-300x169.jpg 300w, https:\/\/patentstrategen.de\/wp-content\/uploads\/2025\/06\/Patentstrategen-Website-Blog-Titelbild-3-1024x576.jpg 1024w, https:\/\/patentstrategen.de\/wp-content\/uploads\/2025\/06\/Patentstrategen-Website-Blog-Titelbild-3-768x432.jpg 768w\" sizes=\"(max-width: 1440px) 100vw, 1440px\" \/><\/div>\n\t\t<\/a>\n\t\t\t\t<div class=\"elementor-post__text\">\n\t\t\t\t<h3 class=\"elementor-post__title\">\n\t\t\t<a href=\"https:\/\/patentstrategen.de\/en\/2025\/06\/18\/patentschutz-was-bedeutet-er-eigentlich\/\" >\n\t\t\t\tPatent protection - what does it actually mean?\t\t\t<\/a>\n\t\t<\/h3>\n\t\t\t\t<div class=\"elementor-post__meta-data\">\n\t\t\t\t\t<span class=\"elementor-post-date\">\n\t\t\tJune 18, 2025\t\t<\/span>\n\t\t\t\t<span class=\"elementor-post-avatar\">\n\t\t\tNo Comments\t\t<\/span>\n\t\t\t\t<\/div>\n\t\t\t\t<div class=\"elementor-post__excerpt\">\n\t\t\t<p>What does patent protection actually mean and what does it cover? How do I find the right protection for my product? And what do I need for a correct application?<\/p>\n\t\t<\/div>\n\t\t\n\t\t<a class=\"elementor-post__read-more\" href=\"https:\/\/patentstrategen.de\/en\/2025\/06\/18\/patentschutz-was-bedeutet-er-eigentlich\/\" aria-label=\"Read more about Patent protection - what does it actually mean?\" tabindex=\"-1\" >\n\t\t\tRead more \u00bb\t\t<\/a>\n\n\t\t\t\t<\/div>\n\t\t\t\t<\/article>\n\t\t\t\t<article class=\"elementor-post elementor-grid-item post-313 post type-post status-publish format-standard has-post-thumbnail hentry category-allgemein\" role=\"listitem\">\n\t\t\t\t<a class=\"elementor-post__thumbnail__link\" href=\"https:\/\/patentstrategen.de\/en\/2025\/05\/26\/was-ist-ueberhaupt-schuetzbar\/\" tabindex=\"-1\" >\n\t\t\t<div class=\"elementor-post__thumbnail\"><img decoding=\"async\" width=\"1440\" height=\"810\" src=\"https:\/\/patentstrategen.de\/wp-content\/uploads\/2025\/06\/Patentstrategen-Website-Blog-Titelbild-2.jpg\" class=\"attachment-full size-full wp-image-1125\" alt=\"Eine Frau mit dunklen Haaren, einem gelben Shirt und einer blauen Jeansjacke steht neben einem Flipchart in einem Konferenzraum. Eine Gruppe Menschen sitzt an einem hellen Konferenztisch und hat den Blick auf die Frau gerichtet. Die Gruppe h\u00f6rt konzentriert zu, w\u00e4hrend die Frau etwas erkl\u00e4rt.\" srcset=\"https:\/\/patentstrategen.de\/wp-content\/uploads\/2025\/06\/Patentstrategen-Website-Blog-Titelbild-2.jpg 1440w, https:\/\/patentstrategen.de\/wp-content\/uploads\/2025\/06\/Patentstrategen-Website-Blog-Titelbild-2-300x169.jpg 300w, https:\/\/patentstrategen.de\/wp-content\/uploads\/2025\/06\/Patentstrategen-Website-Blog-Titelbild-2-1024x576.jpg 1024w, https:\/\/patentstrategen.de\/wp-content\/uploads\/2025\/06\/Patentstrategen-Website-Blog-Titelbild-2-768x432.jpg 768w\" sizes=\"(max-width: 1440px) 100vw, 1440px\" \/><\/div>\n\t\t<\/a>\n\t\t\t\t<div class=\"elementor-post__text\">\n\t\t\t\t<h3 class=\"elementor-post__title\">\n\t\t\t<a href=\"https:\/\/patentstrategen.de\/en\/2025\/05\/26\/was-ist-ueberhaupt-schuetzbar\/\" >\n\t\t\t\tWhat is protectable at all?\t\t\t<\/a>\n\t\t<\/h3>\n\t\t\t\t<div class=\"elementor-post__meta-data\">\n\t\t\t\t\t<span class=\"elementor-post-date\">\n\t\t\tMay 26, 2025\t\t<\/span>\n\t\t\t\t<span class=\"elementor-post-avatar\">\n\t\t\tNo Comments\t\t<\/span>\n\t\t\t\t<\/div>\n\t\t\t\t<div class=\"elementor-post__excerpt\">\n\t\t\t<p>Is my idea even protectable? And what is covered by patent protection? It's not easy to find your way around. We explain which ideas and innovations can be protected and which aspects are decisive.<\/p>\n\t\t<\/div>\n\t\t\n\t\t<a class=\"elementor-post__read-more\" href=\"https:\/\/patentstrategen.de\/en\/2025\/05\/26\/was-ist-ueberhaupt-schuetzbar\/\" aria-label=\"Read more about What is protectable at all?\" tabindex=\"-1\" >\n\t\t\tRead more \u00bb\t\t<\/a>\n\n\t\t\t\t<\/div>\n\t\t\t\t<\/article>\n\t\t\t\t<\/div>\n\t\t\n\t\t\t\t\t\t<\/div>\n\t\t\t\t<\/div>\n\t\t\t\t\t<\/div>\n\t\t<\/div>\n\t\t\t\t\t<\/div>\n\t\t<\/div>\n\t\t\t\t<\/div>","protected":false},"excerpt":{"rendered":"<p>News and exciting topics News from the world of patents! In our blog, we provide you with valuable tips and information about patents, property rights and the world of patent strategists.<\/p>","protected":false},"author":3,"featured_media":1120,"parent":0,"menu_order":0,"comment_status":"closed","ping_status":"closed","template":"elementor_header_footer","meta":{"footnotes":""},"class_list":["post-795","page","type-page","status-publish","has-post-thumbnail","hentry"],"yoast_head":"<!-- This site is optimized with the Yoast SEO plugin v27.6 - https:\/\/yoast.com\/product\/yoast-seo-wordpress\/ -->\n<title>Blog - Patentstrategen<\/title>\n<meta name=\"description\" content=\"In unserem Blog erfahrt ihr spannende News, Tipps und Informationen zu Themen rund um Patente und Schutzrechte.\" \/>\n<meta name=\"robots\" content=\"index, follow, max-snippet:-1, max-image-preview:large, max-video-preview:-1\" \/>\n<link rel=\"canonical\" href=\"https:\/\/patentstrategen.de\/en\/blog\/\" \/>\n<meta property=\"og:locale\" content=\"en_US\" \/>\n<meta property=\"og:type\" content=\"article\" \/>\n<meta property=\"og:title\" content=\"Blog - Patentstrategen\" \/>\n<meta property=\"og:description\" content=\"In unserem Blog erfahrt ihr spannende News, Tipps und Informationen zu Themen rund um Patente und Schutzrechte.\" \/>\n<meta property=\"og:url\" content=\"https:\/\/patentstrategen.de\/en\/blog\/\" \/>\n<meta property=\"og:site_name\" content=\"Patentstrategen\" \/>\n<meta property=\"article:modified_time\" content=\"2026-01-07T13:21:01+00:00\" \/>\n<meta property=\"og:image\" content=\"https:\/\/patentstrategen.de\/wp-content\/uploads\/2025\/07\/Patentstrategen-Website-Blog-1920x1080-Header.jpg\" \/>\n\t<meta property=\"og:image:width\" content=\"1920\" \/>\n\t<meta property=\"og:image:height\" content=\"1080\" \/>\n\t<meta property=\"og:image:type\" content=\"image\/jpeg\" \/>\n<meta name=\"twitter:card\" content=\"summary_large_image\" \/>\n<meta name=\"twitter:label1\" content=\"Est. reading time\" \/>\n\t<meta name=\"twitter:data1\" content=\"2 minutes\" \/>\n<script type=\"application\/ld+json\" class=\"yoast-schema-graph\">{\"@context\":\"https:\\\/\\\/schema.org\",\"@graph\":[{\"@type\":\"WebPage\",\"@id\":\"https:\\\/\\\/patentstrategen.de\\\/blog\\\/\",\"url\":\"https:\\\/\\\/patentstrategen.de\\\/blog\\\/\",\"name\":\"Blog - Patentstrategen\",\"isPartOf\":{\"@id\":\"https:\\\/\\\/patentstrategen.de\\\/#website\"},\"primaryImageOfPage\":{\"@id\":\"https:\\\/\\\/patentstrategen.de\\\/blog\\\/#primaryimage\"},\"image\":{\"@id\":\"https:\\\/\\\/patentstrategen.de\\\/blog\\\/#primaryimage\"},\"thumbnailUrl\":\"https:\\\/\\\/patentstrategen.de\\\/wp-content\\\/uploads\\\/2025\\\/07\\\/Patentstrategen-Website-Blog-1920x1080-Header.jpg\",\"datePublished\":\"2025-06-17T16:19:56+00:00\",\"dateModified\":\"2026-01-07T13:21:01+00:00\",\"description\":\"In unserem Blog erfahrt ihr spannende News, Tipps und Informationen zu Themen rund um Patente und Schutzrechte.\",\"breadcrumb\":{\"@id\":\"https:\\\/\\\/patentstrategen.de\\\/blog\\\/#breadcrumb\"},\"inLanguage\":\"en-US\",\"potentialAction\":[{\"@type\":\"ReadAction\",\"target\":[\"https:\\\/\\\/patentstrategen.de\\\/blog\\\/\"]}]},{\"@type\":\"ImageObject\",\"inLanguage\":\"en-US\",\"@id\":\"https:\\\/\\\/patentstrategen.de\\\/blog\\\/#primaryimage\",\"url\":\"https:\\\/\\\/patentstrategen.de\\\/wp-content\\\/uploads\\\/2025\\\/07\\\/Patentstrategen-Website-Blog-1920x1080-Header.jpg\",\"contentUrl\":\"https:\\\/\\\/patentstrategen.de\\\/wp-content\\\/uploads\\\/2025\\\/07\\\/Patentstrategen-Website-Blog-1920x1080-Header.jpg\",\"width\":1920,\"height\":1080,\"caption\":\"Ein Mann in schwarzem T-Shirt h\u00e4lt ein Tablet und einen Tabletstift in der Hand. Er sitzt an einem Tisch und arbeitet auf dem Tablet.\"},{\"@type\":\"BreadcrumbList\",\"@id\":\"https:\\\/\\\/patentstrategen.de\\\/blog\\\/#breadcrumb\",\"itemListElement\":[{\"@type\":\"ListItem\",\"position\":1,\"name\":\"Startseite\",\"item\":\"https:\\\/\\\/patentstrategen.de\\\/\"},{\"@type\":\"ListItem\",\"position\":2,\"name\":\"Blog\"}]},{\"@type\":\"WebSite\",\"@id\":\"https:\\\/\\\/patentstrategen.de\\\/#website\",\"url\":\"https:\\\/\\\/patentstrategen.de\\\/\",\"name\":\"Patentstrategen\",\"description\":\"Ihr Partner f\u00fcr strategischen Patent- und Markenschutz\",\"publisher\":{\"@id\":\"https:\\\/\\\/patentstrategen.de\\\/#organization\"},\"potentialAction\":[{\"@type\":\"SearchAction\",\"target\":{\"@type\":\"EntryPoint\",\"urlTemplate\":\"https:\\\/\\\/patentstrategen.de\\\/?s={search_term_string}\"},\"query-input\":{\"@type\":\"PropertyValueSpecification\",\"valueRequired\":true,\"valueName\":\"search_term_string\"}}],\"inLanguage\":\"en-US\"},{\"@type\":\"Organization\",\"@id\":\"https:\\\/\\\/patentstrategen.de\\\/#organization\",\"name\":\"Patentstrategen\",\"url\":\"https:\\\/\\\/patentstrategen.de\\\/\",\"logo\":{\"@type\":\"ImageObject\",\"inLanguage\":\"en-US\",\"@id\":\"https:\\\/\\\/patentstrategen.de\\\/#\\\/schema\\\/logo\\\/image\\\/\",\"url\":\"https:\\\/\\\/patentstrategen.de\\\/wp-content\\\/uploads\\\/2025\\\/05\\\/Patentstrategen-web-logo.svg\",\"contentUrl\":\"https:\\\/\\\/patentstrategen.de\\\/wp-content\\\/uploads\\\/2025\\\/05\\\/Patentstrategen-web-logo.svg\",\"width\":992,\"height\":283,\"caption\":\"Patentstrategen\"},\"image\":{\"@id\":\"https:\\\/\\\/patentstrategen.de\\\/#\\\/schema\\\/logo\\\/image\\\/\"}}]}<\/script>\n<!-- \/ Yoast SEO plugin. -->","yoast_head_json":{"title":"Blog - Patentstrategen","description":"In unserem Blog erfahrt ihr spannende News, Tipps und Informationen zu Themen rund um Patente und Schutzrechte.","robots":{"index":"index","follow":"follow","max-snippet":"max-snippet:-1","max-image-preview":"max-image-preview:large","max-video-preview":"max-video-preview:-1"},"canonical":"https:\/\/patentstrategen.de\/en\/blog\/","og_locale":"en_US","og_type":"article","og_title":"Blog - Patentstrategen","og_description":"In unserem Blog erfahrt ihr spannende News, Tipps und Informationen zu Themen rund um Patente und Schutzrechte.","og_url":"https:\/\/patentstrategen.de\/en\/blog\/","og_site_name":"Patentstrategen","article_modified_time":"2026-01-07T13:21:01+00:00","og_image":[{"width":1920,"height":1080,"url":"https:\/\/patentstrategen.de\/wp-content\/uploads\/2025\/07\/Patentstrategen-Website-Blog-1920x1080-Header.jpg","type":"image\/jpeg"}],"twitter_card":"summary_large_image","twitter_misc":{"Est. reading time":"2 minutes"},"schema":{"@context":"https:\/\/schema.org","@graph":[{"@type":"WebPage","@id":"https:\/\/patentstrategen.de\/blog\/","url":"https:\/\/patentstrategen.de\/blog\/","name":"Blog - Patentstrategen","isPartOf":{"@id":"https:\/\/patentstrategen.de\/#website"},"primaryImageOfPage":{"@id":"https:\/\/patentstrategen.de\/blog\/#primaryimage"},"image":{"@id":"https:\/\/patentstrategen.de\/blog\/#primaryimage"},"thumbnailUrl":"https:\/\/patentstrategen.de\/wp-content\/uploads\/2025\/07\/Patentstrategen-Website-Blog-1920x1080-Header.jpg","datePublished":"2025-06-17T16:19:56+00:00","dateModified":"2026-01-07T13:21:01+00:00","description":"In unserem Blog erfahrt ihr spannende News, Tipps und Informationen zu Themen rund um Patente und Schutzrechte.","breadcrumb":{"@id":"https:\/\/patentstrategen.de\/blog\/#breadcrumb"},"inLanguage":"en-US","potentialAction":[{"@type":"ReadAction","target":["https:\/\/patentstrategen.de\/blog\/"]}]},{"@type":"ImageObject","inLanguage":"en-US","@id":"https:\/\/patentstrategen.de\/blog\/#primaryimage","url":"https:\/\/patentstrategen.de\/wp-content\/uploads\/2025\/07\/Patentstrategen-Website-Blog-1920x1080-Header.jpg","contentUrl":"https:\/\/patentstrategen.de\/wp-content\/uploads\/2025\/07\/Patentstrategen-Website-Blog-1920x1080-Header.jpg","width":1920,"height":1080,"caption":"Ein Mann in schwarzem T-Shirt h\u00e4lt ein Tablet und einen Tabletstift in der Hand. Er sitzt an einem Tisch und arbeitet auf dem Tablet."},{"@type":"BreadcrumbList","@id":"https:\/\/patentstrategen.de\/blog\/#breadcrumb","itemListElement":[{"@type":"ListItem","position":1,"name":"Startseite","item":"https:\/\/patentstrategen.de\/"},{"@type":"ListItem","position":2,"name":"Blog"}]},{"@type":"WebSite","@id":"https:\/\/patentstrategen.de\/#website","url":"https:\/\/patentstrategen.de\/","name":"Patent strategists","description":"Your partner for strategic patent and trademark protection","publisher":{"@id":"https:\/\/patentstrategen.de\/#organization"},"potentialAction":[{"@type":"SearchAction","target":{"@type":"EntryPoint","urlTemplate":"https:\/\/patentstrategen.de\/?s={search_term_string}"},"query-input":{"@type":"PropertyValueSpecification","valueRequired":true,"valueName":"search_term_string"}}],"inLanguage":"en-US"},{"@type":"Organization","@id":"https:\/\/patentstrategen.de\/#organization","name":"Patent strategists","url":"https:\/\/patentstrategen.de\/","logo":{"@type":"ImageObject","inLanguage":"en-US","@id":"https:\/\/patentstrategen.de\/#\/schema\/logo\/image\/","url":"https:\/\/patentstrategen.de\/wp-content\/uploads\/2025\/05\/Patentstrategen-web-logo.svg","contentUrl":"https:\/\/patentstrategen.de\/wp-content\/uploads\/2025\/05\/Patentstrategen-web-logo.svg","width":992,"height":283,"caption":"Patentstrategen"},"image":{"@id":"https:\/\/patentstrategen.de\/#\/schema\/logo\/image\/"}}]}},"_links":{"self":[{"href":"https:\/\/patentstrategen.de\/en\/wp-json\/wp\/v2\/pages\/795","targetHints":{"allow":["GET"]}}],"collection":[{"href":"https:\/\/patentstrategen.de\/en\/wp-json\/wp\/v2\/pages"}],"about":[{"href":"https:\/\/patentstrategen.de\/en\/wp-json\/wp\/v2\/types\/page"}],"author":[{"embeddable":true,"href":"https:\/\/patentstrategen.de\/en\/wp-json\/wp\/v2\/users\/3"}],"replies":[{"embeddable":true,"href":"https:\/\/patentstrategen.de\/en\/wp-json\/wp\/v2\/comments?post=795"}],"version-history":[{"count":40,"href":"https:\/\/patentstrategen.de\/en\/wp-json\/wp\/v2\/pages\/795\/revisions"}],"predecessor-version":[{"id":1760,"href":"https:\/\/patentstrategen.de\/en\/wp-json\/wp\/v2\/pages\/795\/revisions\/1760"}],"wp:featuredmedia":[{"embeddable":true,"href":"https:\/\/patentstrategen.de\/en\/wp-json\/wp\/v2\/media\/1120"}],"wp:attachment":[{"href":"https:\/\/patentstrategen.de\/en\/wp-json\/wp\/v2\/media?parent=795"}],"curies":[{"name":"wp","href":"https:\/\/api.w.org\/{rel}","templated":true}]}}