{"id":3,"date":"2025-05-02T17:03:18","date_gmt":"2025-05-02T15:03:18","guid":{"rendered":"https:\/\/patentstrategen.de\/?page_id=3"},"modified":"2026-01-26T11:21:57","modified_gmt":"2026-01-26T10:21:57","slug":"datenschutzerklaerung","status":"publish","type":"page","link":"https:\/\/patentstrategen.de\/en\/datenschutzerklaerung\/","title":{"rendered":"Privacy policy"},"content":{"rendered":"<div data-elementor-type=\"wp-page\" data-elementor-id=\"3\" class=\"elementor elementor-3\" data-elementor-post-type=\"page\">\n\t\t\t\t\t\t<section class=\"elementor-section elementor-top-section elementor-element elementor-element-e01c9f2 elementor-section-height-min-height elementor-section-boxed elementor-section-height-default elementor-section-items-middle\" data-id=\"e01c9f2\" data-element_type=\"section\" data-e-type=\"section\" data-settings=\"{&quot;background_background&quot;:&quot;classic&quot;}\">\n\t\t\t\t\t\t\t<div class=\"elementor-background-overlay\"><\/div>\n\t\t\t\t\t\t\t<div class=\"elementor-container elementor-column-gap-default\">\n\t\t\t\t\t<div class=\"elementor-column elementor-col-100 elementor-top-column elementor-element elementor-element-87339c0\" data-id=\"87339c0\" data-element_type=\"column\" data-e-type=\"column\">\n\t\t\t<div class=\"elementor-widget-wrap elementor-element-populated\">\n\t\t\t\t\t\t<div class=\"elementor-element elementor-element-a135878 elementor-invisible elementor-widget elementor-widget-heading\" data-id=\"a135878\" data-element_type=\"widget\" data-e-type=\"widget\" data-settings=\"{&quot;_animation&quot;:&quot;fadeInDown&quot;,&quot;_animation_delay&quot;:0}\" data-widget_type=\"heading.default\">\n\t\t\t\t<div class=\"elementor-widget-container\">\n\t\t\t\t\t<h1 class=\"elementor-heading-title elementor-size-default\">Privacy policy<\/h1>\t\t\t\t<\/div>\n\t\t\t\t<\/div>\n\t\t\t\t<div class=\"elementor-element elementor-element-69994a9 elementor-widget__width-auto elementor-invisible elementor-widget elementor-widget-heading\" data-id=\"69994a9\" data-element_type=\"widget\" data-e-type=\"widget\" data-settings=\"{&quot;_animation&quot;:&quot;fadeInUp&quot;,&quot;_animation_delay&quot;:0}\" data-widget_type=\"heading.default\">\n\t\t\t\t<div class=\"elementor-widget-container\">\n\t\t\t\t\t<div class=\"elementor-heading-title elementor-size-default\"><a href=\"https:\/\/patentstrategen.de\/en\">Patent strategists \u25ac <\/a><\/div>\t\t\t\t<\/div>\n\t\t\t\t<\/div>\n\t\t\t\t<div class=\"elementor-element elementor-element-bd6b62e elementor-widget__width-auto elementor-invisible elementor-widget elementor-widget-heading\" data-id=\"bd6b62e\" data-element_type=\"widget\" data-e-type=\"widget\" data-settings=\"{&quot;_animation&quot;:&quot;fadeInUp&quot;,&quot;_animation_delay&quot;:0}\" data-widget_type=\"heading.default\">\n\t\t\t\t<div class=\"elementor-widget-container\">\n\t\t\t\t\t<div class=\"elementor-heading-title elementor-size-default\">How we protect and process your data<\/div>\t\t\t\t<\/div>\n\t\t\t\t<\/div>\n\t\t\t\t\t<\/div>\n\t\t<\/div>\n\t\t\t\t\t<\/div>\n\t\t<\/section>\n\t\t\t\t<section class=\"elementor-section elementor-top-section elementor-element elementor-element-b011f2f elementor-section-boxed elementor-section-height-default elementor-section-height-default\" data-id=\"b011f2f\" data-element_type=\"section\" data-e-type=\"section\">\n\t\t\t\t\t\t<div class=\"elementor-container elementor-column-gap-default\">\n\t\t\t\t\t<div class=\"elementor-column elementor-col-100 elementor-top-column elementor-element elementor-element-8c32529\" data-id=\"8c32529\" data-element_type=\"column\" data-e-type=\"column\">\n\t\t\t<div class=\"elementor-widget-wrap elementor-element-populated\">\n\t\t\t\t\t\t<div class=\"elementor-element elementor-element-4eef56e elementor-widget elementor-widget-text-editor\" data-id=\"4eef56e\" data-element_type=\"widget\" data-e-type=\"widget\" data-widget_type=\"text-editor.default\">\n\t\t\t\t<div class=\"elementor-widget-container\">\n\t\t\t\t\t\t\t\t\t<p>At this point, we would like to inform you about the processing of your personal data in accordance with Article 13 of the GDPR.<\/p>\t\t\t\t\t\t\t\t<\/div>\n\t\t\t\t<\/div>\n\t\t\t\t<div class=\"elementor-element elementor-element-7477db7 elementor-widget elementor-widget-text-editor\" data-id=\"7477db7\" data-element_type=\"widget\" data-e-type=\"widget\" data-widget_type=\"text-editor.default\">\n\t\t\t\t<div class=\"elementor-widget-container\">\n\t\t\t\t\t\t\t\t\t<h3>Terminology used<\/h3><p>Personal data means any information relating to an identified or identifiable natural person (hereinafter referred to as \u201edata subject\u201c). An identifiable natural person is one who can be identified, directly or indirectly, in particular by reference to an identifier such as a name, an identification number, location data, an online identifier or to one or more factors specific to the physical, physiological, genetic, mental, economic, cultural or social identity of that natural person.<br \/>Processing is any operation or set of operations which is performed on personal data or on sets of personal data, whether or not by automated means, such as collection, recording, organization, structuring, storage, adaptation or alteration, retrieval, consultation, use, disclosure by transmission, dissemination or otherwise making available, alignment or combination, restriction, erasure or destruction.<br \/>The controller is the natural or legal person, public authority, agency or other body which, alone or jointly with others, determines the purposes and means of the processing of personal data.<\/p>\t\t\t\t\t\t\t\t<\/div>\n\t\t\t\t<\/div>\n\t\t\t\t<div class=\"elementor-element elementor-element-b28c341 elementor-widget elementor-widget-text-editor\" data-id=\"b28c341\" data-element_type=\"widget\" data-e-type=\"widget\" data-widget_type=\"text-editor.default\">\n\t\t\t\t<div class=\"elementor-widget-container\">\n\t\t\t\t\t\t\t\t\t<h3>Person responsible<\/h3><p>As a company, we are responsible for the processing of your personal data:<br \/>dipas Patentanwalts GmbH<br \/>Erich-K\u00e4stner-Str. 14<br \/>D-40699 Erkrath<br \/>Phone: +49(0)211 \/ 88235450<br \/>E-Mail: <a href=\"mailto:mail@patentstrategen.de\">mail@patentstrategen.de<\/a><br \/>Contact person for data protection<br \/>If you have any questions regarding data protection, please contact: <a href=\"mailto:datenschutz@patentstrategen.de\">datenschutz@patentstrategen.de<\/a><\/p>\t\t\t\t\t\t\t\t<\/div>\n\t\t\t\t<\/div>\n\t\t\t\t<div class=\"elementor-element elementor-element-9fcd903 elementor-widget elementor-widget-text-editor\" data-id=\"9fcd903\" data-element_type=\"widget\" data-e-type=\"widget\" data-widget_type=\"text-editor.default\">\n\t\t\t\t<div class=\"elementor-widget-container\">\n\t\t\t\t\t\t\t\t\t<h3>Data processing<\/h3><p>In the following sections, we would like to explain to you which data processing is carried out in the context of this website.<\/p><h4><br \/>Provision of the website<\/h4><p>Each time you access content on the website, data is temporarily stored that may allow you to be identified. The following data is collected:<br \/>- Date and time of access<br \/>- IP address<br \/>- Host name of the accessing computer<br \/>- Website from which our website was accessed<br \/>- Websites that are accessed via the website<br \/>- Visited page on our website<br \/>- Message as to whether the retrieval was successful<br \/>- Amount of data transferred<br \/>- Information about the browser type and version used<br \/>- Operating system<\/p><p>The temporary storage of the data is necessary for the course of a website visit in order to enable the website to be delivered. Further storage in log files takes place in order to ensure the functionality of the website and the security of the information technology systems. Our legitimate interest in data processing also lies in these purposes.<\/p>\t\t\t\t\t\t\t\t<\/div>\n\t\t\t\t<\/div>\n\t\t\t\t<div class=\"elementor-element elementor-element-4b15e4f elementor-widget elementor-widget-text-editor\" data-id=\"4b15e4f\" data-element_type=\"widget\" data-e-type=\"widget\" data-widget_type=\"text-editor.default\">\n\t\t\t\t<div class=\"elementor-widget-container\">\n\t\t\t\t\t\t\t\t\t<h3>Contact us<\/h3><p>If you contact us via the form embedded on the website, your request, including all personal data (name, request, contact details) will be stored and processed by us for the purpose of processing your request. Even if you make an inquiry via Microsoft Booking, we will only use the data provided there for the purpose of coordinating, preparing and carrying out the appointment.<br \/>This data is processed on the basis of Art. 6 para. 1 lit. b GDPR if your request is related to the fulfillment of a contract or is necessary for the implementation of pre-contractual measures. This is the case, for example, if you contact us regarding an offer or if you would like to apply for a job with us.<br \/>In all other cases, the processing is based on our legitimate interest in the effective processing of the requests addressed to us (Art. 6 para. 1 lit. f GDPR). Since the request comes from you and you are likely to be interested in efficient processing, we assume that we both have a legitimate interest in storing your personal data.<br \/>If we determine that the above legal bases are not sufficient, we will obtain your consent for the processing (Art. 6 para. 1 lit. a GDPR).<\/p>\t\t\t\t\t\t\t\t<\/div>\n\t\t\t\t<\/div>\n\t\t\t\t<div class=\"elementor-element elementor-element-369ecc9 elementor-widget elementor-widget-text-editor\" data-id=\"369ecc9\" data-element_type=\"widget\" data-e-type=\"widget\" data-widget_type=\"text-editor.default\">\n\t\t\t\t<div class=\"elementor-widget-container\">\n\t\t\t\t\t\t\t\t\t<h3>Your rights<\/h3><p>The General Data Protection Regulation grants you various rights in relation to your personal data, which we are happy to comply with. The individual rights and the underlying articles of the GDPR are listed and described below. To safeguard your rights, please contact us by email at: <a href=\"mailto:datenschutz@patentstrategen.de\">datenschutz@patentstrategen.de<\/a>.<\/p><h4>Rectification (Article 16 GDPR)<\/h4><p>You have the right to request the correction or completion of inaccurate personal data.<\/p><h4>Information (Article 15 GDPR)<\/h4><p>You have the right to request confirmation as to whether we are processing personal data relating to you. If this is the case, you have the right to request (and receive) information about this data. This includes not only information about which data is processed, but also the purposes of the processing, the origin of the data, the recipients of the data, as well as the duration of storage and your rights associated with this data.<\/p><h4>Erasure (Article 17 GDPR)<\/h4><p>You have the right to request the deletion of your data, unless we are required by law to retain it. Apart from this, we will delete your data as soon as the purpose for which we processed it no longer exists.<\/p><h4>Restriction of processing (Article 18 GDPR)<\/h4><p>In certain cases, you can also request the restriction of processing.<\/p><h4>Right to portability (Article 20 GDPR)<\/h4><p>The right to data portability entitles you, under certain conditions, to receive a copy of the personal data concerning you in a commonly used and machine-readable file format.<\/p><h4>Complaint (Article 77 GDPR)<\/h4><p>You have the right to lodge a complaint with the competent supervisory authority. The authority responsible for us is <a href=\"https:\/\/www.ldi.nrw.de\">State Commissioner for Data Protection and Freedom of Information NRW<\/a>.<\/p><h4>Right of withdrawal (Article 7 (3) GDPR)<\/h4><p>You have the right to withdraw your consent with effect for the future.<\/p><h4>Right to object (Article 21 GDPR)<\/h4><p>You can object to the future processing of your data at any time. In particular, you can object to processing for direct marketing purposes.<\/p>\t\t\t\t\t\t\t\t<\/div>\n\t\t\t\t<\/div>\n\t\t\t\t<div class=\"elementor-element elementor-element-1d5eb1a elementor-widget elementor-widget-text-editor\" data-id=\"1d5eb1a\" data-element_type=\"widget\" data-e-type=\"widget\" data-widget_type=\"text-editor.default\">\n\t\t\t\t<div class=\"elementor-widget-container\">\n\t\t\t\t\t\t\t\t\t<h3>Changes to our privacy policy<\/h3><p>We reserve the right to amend this privacy policy from time to time so that it always complies with current legal requirements or to implement changes to our services in the privacy policy. The new privacy policy will then apply to your next visit.<\/p>\t\t\t\t\t\t\t\t<\/div>\n\t\t\t\t<\/div>\n\t\t\t\t\t<\/div>\n\t\t<\/div>\n\t\t\t\t\t<\/div>\n\t\t<\/section>\n\t\t\t\t<\/div>","protected":false},"excerpt":{"rendered":"<p>Datenschutz&shy;erkl\u00e4rung So sch\u00fctzen und verarbeiten wir eure Daten An dieser Stelle m\u00f6chten wir euch im Sinne des Artikel 13 der DSGVO \u00fcber die Verarbeitung eurer personenbezogenen Daten informieren. Verwendete Begrifflichkeiten Personenbezogene Daten sind alle Informationen, die sich auf eine identifizierte oder identifizierbare nat\u00fcrliche Person (im Folgenden \u201ebetroffene Person\u201c) beziehen. Als identifizierbar wird eine nat\u00fcrliche Person [&hellip;]<\/p>\n","protected":false},"author":1,"featured_media":0,"parent":0,"menu_order":0,"comment_status":"closed","ping_status":"open","template":"elementor_header_footer","meta":{"footnotes":""},"class_list":["post-3","page","type-page","status-publish","hentry"],"yoast_head":"<!-- This site is optimized with the Yoast SEO plugin v27.5 - https:\/\/yoast.com\/product\/yoast-seo-wordpress\/ -->\n<title>Datenschutzerkl\u00e4rung - Patentstrategen<\/title>\n<meta name=\"description\" content=\"Erfahrt, wie wir mit euren personenbezogenen Daten auf dieser Website und im Kontakt mit Mandanten umgehen.\" \/>\n<meta name=\"robots\" content=\"index, follow, max-snippet:-1, max-image-preview:large, max-video-preview:-1\" \/>\n<link rel=\"canonical\" href=\"https:\/\/patentstrategen.de\/en\/datenschutzerklaerung\/\" \/>\n<meta property=\"og:locale\" content=\"en_US\" \/>\n<meta property=\"og:type\" content=\"article\" \/>\n<meta property=\"og:title\" content=\"Datenschutzerkl\u00e4rung - Patentstrategen\" \/>\n<meta property=\"og:description\" content=\"Erfahrt, wie wir mit euren personenbezogenen Daten auf dieser Website und im Kontakt mit Mandanten umgehen.\" \/>\n<meta property=\"og:url\" content=\"https:\/\/patentstrategen.de\/en\/datenschutzerklaerung\/\" \/>\n<meta property=\"og:site_name\" content=\"Patentstrategen\" \/>\n<meta property=\"article:modified_time\" content=\"2026-01-26T10:21:57+00:00\" \/>\n<meta name=\"twitter:card\" content=\"summary_large_image\" \/>\n<meta name=\"twitter:label1\" content=\"Est. reading time\" \/>\n\t<meta name=\"twitter:data1\" content=\"6 minutes\" \/>\n<script type=\"application\/ld+json\" class=\"yoast-schema-graph\">{\"@context\":\"https:\\\/\\\/schema.org\",\"@graph\":[{\"@type\":\"WebPage\",\"@id\":\"https:\\\/\\\/patentstrategen.de\\\/datenschutzerklaerung\\\/\",\"url\":\"https:\\\/\\\/patentstrategen.de\\\/datenschutzerklaerung\\\/\",\"name\":\"Datenschutzerkl\u00e4rung - Patentstrategen\",\"isPartOf\":{\"@id\":\"https:\\\/\\\/patentstrategen.de\\\/#website\"},\"datePublished\":\"2025-05-02T15:03:18+00:00\",\"dateModified\":\"2026-01-26T10:21:57+00:00\",\"description\":\"Erfahrt, wie wir mit euren personenbezogenen Daten auf dieser Website und im Kontakt mit Mandanten umgehen.\",\"breadcrumb\":{\"@id\":\"https:\\\/\\\/patentstrategen.de\\\/datenschutzerklaerung\\\/#breadcrumb\"},\"inLanguage\":\"en-US\",\"potentialAction\":[{\"@type\":\"ReadAction\",\"target\":[\"https:\\\/\\\/patentstrategen.de\\\/datenschutzerklaerung\\\/\"]}]},{\"@type\":\"BreadcrumbList\",\"@id\":\"https:\\\/\\\/patentstrategen.de\\\/datenschutzerklaerung\\\/#breadcrumb\",\"itemListElement\":[{\"@type\":\"ListItem\",\"position\":1,\"name\":\"Startseite\",\"item\":\"https:\\\/\\\/patentstrategen.de\\\/\"},{\"@type\":\"ListItem\",\"position\":2,\"name\":\"Datenschutzerkl\u00e4rung\"}]},{\"@type\":\"WebSite\",\"@id\":\"https:\\\/\\\/patentstrategen.de\\\/#website\",\"url\":\"https:\\\/\\\/patentstrategen.de\\\/\",\"name\":\"Patentstrategen\",\"description\":\"Ihr Partner f\u00fcr strategischen Patent- und Markenschutz\",\"publisher\":{\"@id\":\"https:\\\/\\\/patentstrategen.de\\\/#organization\"},\"potentialAction\":[{\"@type\":\"SearchAction\",\"target\":{\"@type\":\"EntryPoint\",\"urlTemplate\":\"https:\\\/\\\/patentstrategen.de\\\/?s={search_term_string}\"},\"query-input\":{\"@type\":\"PropertyValueSpecification\",\"valueRequired\":true,\"valueName\":\"search_term_string\"}}],\"inLanguage\":\"en-US\"},{\"@type\":\"Organization\",\"@id\":\"https:\\\/\\\/patentstrategen.de\\\/#organization\",\"name\":\"Patentstrategen\",\"url\":\"https:\\\/\\\/patentstrategen.de\\\/\",\"logo\":{\"@type\":\"ImageObject\",\"inLanguage\":\"en-US\",\"@id\":\"https:\\\/\\\/patentstrategen.de\\\/#\\\/schema\\\/logo\\\/image\\\/\",\"url\":\"https:\\\/\\\/patentstrategen.de\\\/wp-content\\\/uploads\\\/2025\\\/05\\\/Patentstrategen-web-logo.svg\",\"contentUrl\":\"https:\\\/\\\/patentstrategen.de\\\/wp-content\\\/uploads\\\/2025\\\/05\\\/Patentstrategen-web-logo.svg\",\"width\":992,\"height\":283,\"caption\":\"Patentstrategen\"},\"image\":{\"@id\":\"https:\\\/\\\/patentstrategen.de\\\/#\\\/schema\\\/logo\\\/image\\\/\"}}]}<\/script>\n<!-- \/ Yoast SEO plugin. -->","yoast_head_json":{"title":"Datenschutzerkl\u00e4rung - Patentstrategen","description":"Erfahrt, wie wir mit euren personenbezogenen Daten auf dieser Website und im Kontakt mit Mandanten umgehen.","robots":{"index":"index","follow":"follow","max-snippet":"max-snippet:-1","max-image-preview":"max-image-preview:large","max-video-preview":"max-video-preview:-1"},"canonical":"https:\/\/patentstrategen.de\/en\/datenschutzerklaerung\/","og_locale":"en_US","og_type":"article","og_title":"Datenschutzerkl\u00e4rung - Patentstrategen","og_description":"Erfahrt, wie wir mit euren personenbezogenen Daten auf dieser Website und im Kontakt mit Mandanten umgehen.","og_url":"https:\/\/patentstrategen.de\/en\/datenschutzerklaerung\/","og_site_name":"Patentstrategen","article_modified_time":"2026-01-26T10:21:57+00:00","twitter_card":"summary_large_image","twitter_misc":{"Est. reading time":"6 minutes"},"schema":{"@context":"https:\/\/schema.org","@graph":[{"@type":"WebPage","@id":"https:\/\/patentstrategen.de\/datenschutzerklaerung\/","url":"https:\/\/patentstrategen.de\/datenschutzerklaerung\/","name":"Datenschutzerkl\u00e4rung - Patentstrategen","isPartOf":{"@id":"https:\/\/patentstrategen.de\/#website"},"datePublished":"2025-05-02T15:03:18+00:00","dateModified":"2026-01-26T10:21:57+00:00","description":"Erfahrt, wie wir mit euren personenbezogenen Daten auf dieser Website und im Kontakt mit Mandanten umgehen.","breadcrumb":{"@id":"https:\/\/patentstrategen.de\/datenschutzerklaerung\/#breadcrumb"},"inLanguage":"en-US","potentialAction":[{"@type":"ReadAction","target":["https:\/\/patentstrategen.de\/datenschutzerklaerung\/"]}]},{"@type":"BreadcrumbList","@id":"https:\/\/patentstrategen.de\/datenschutzerklaerung\/#breadcrumb","itemListElement":[{"@type":"ListItem","position":1,"name":"Startseite","item":"https:\/\/patentstrategen.de\/"},{"@type":"ListItem","position":2,"name":"Datenschutzerkl\u00e4rung"}]},{"@type":"WebSite","@id":"https:\/\/patentstrategen.de\/#website","url":"https:\/\/patentstrategen.de\/","name":"Patent strategists","description":"Your partner for strategic patent and trademark protection","publisher":{"@id":"https:\/\/patentstrategen.de\/#organization"},"potentialAction":[{"@type":"SearchAction","target":{"@type":"EntryPoint","urlTemplate":"https:\/\/patentstrategen.de\/?s={search_term_string}"},"query-input":{"@type":"PropertyValueSpecification","valueRequired":true,"valueName":"search_term_string"}}],"inLanguage":"en-US"},{"@type":"Organization","@id":"https:\/\/patentstrategen.de\/#organization","name":"Patent strategists","url":"https:\/\/patentstrategen.de\/","logo":{"@type":"ImageObject","inLanguage":"en-US","@id":"https:\/\/patentstrategen.de\/#\/schema\/logo\/image\/","url":"https:\/\/patentstrategen.de\/wp-content\/uploads\/2025\/05\/Patentstrategen-web-logo.svg","contentUrl":"https:\/\/patentstrategen.de\/wp-content\/uploads\/2025\/05\/Patentstrategen-web-logo.svg","width":992,"height":283,"caption":"Patentstrategen"},"image":{"@id":"https:\/\/patentstrategen.de\/#\/schema\/logo\/image\/"}}]}},"_links":{"self":[{"href":"https:\/\/patentstrategen.de\/en\/wp-json\/wp\/v2\/pages\/3","targetHints":{"allow":["GET"]}}],"collection":[{"href":"https:\/\/patentstrategen.de\/en\/wp-json\/wp\/v2\/pages"}],"about":[{"href":"https:\/\/patentstrategen.de\/en\/wp-json\/wp\/v2\/types\/page"}],"author":[{"embeddable":true,"href":"https:\/\/patentstrategen.de\/en\/wp-json\/wp\/v2\/users\/1"}],"replies":[{"embeddable":true,"href":"https:\/\/patentstrategen.de\/en\/wp-json\/wp\/v2\/comments?post=3"}],"version-history":[{"count":23,"href":"https:\/\/patentstrategen.de\/en\/wp-json\/wp\/v2\/pages\/3\/revisions"}],"predecessor-version":[{"id":1768,"href":"https:\/\/patentstrategen.de\/en\/wp-json\/wp\/v2\/pages\/3\/revisions\/1768"}],"wp:attachment":[{"href":"https:\/\/patentstrategen.de\/en\/wp-json\/wp\/v2\/media?parent=3"}],"curies":[{"name":"wp","href":"https:\/\/api.w.org\/{rel}","templated":true}]}}